{"id":9142,"date":"2025-03-06T19:05:50","date_gmt":"2025-03-06T19:05:50","guid":{"rendered":"https:\/\/vipenergysolutions.ro\/?page_id=9142"},"modified":"2025-03-06T20:03:40","modified_gmt":"2025-03-06T20:03:40","slug":"politica-de-cookies","status":"publish","type":"page","link":"https:\/\/vipenergysolutions.ro\/en\/politica-de-cookies\/","title":{"rendered":"Cookie policy"},"content":{"rendered":"<div data-elementor-type=\"wp-page\" data-elementor-id=\"9142\" class=\"elementor elementor-9142\">\n\t\t\t\t<div class=\"elementor-element elementor-element-04a643b e-flex e-con-boxed e-con e-parent\" data-id=\"04a643b\" data-element_type=\"container\">\n\t\t\t\t\t<div class=\"e-con-inner\">\n\t\t\t\t<div class=\"elementor-element elementor-element-480b2a8 at-heading-animation at-animation-heading-none elementor-widget elementor-widget-heading\" data-id=\"480b2a8\" data-element_type=\"widget\" data-settings=\"{&quot;ekit_we_effect_on&quot;:&quot;none&quot;}\" data-widget_type=\"heading.default\">\n\t\t\t\t<div class=\"elementor-widget-container\">\n\t\t\t\t\t<h2 class=\"elementor-heading-title elementor-size-default\">Cookie policy<\/h2>\t\t\t\t<\/div>\n\t\t\t\t<\/div>\n\t\t\t\t<div class=\"elementor-element elementor-element-81a5bcd elementor-widget elementor-widget-text-editor\" data-id=\"81a5bcd\" data-element_type=\"widget\" data-settings=\"{&quot;ekit_we_effect_on&quot;:&quot;none&quot;}\" data-widget_type=\"text-editor.default\">\n\t\t\t\t<div class=\"elementor-widget-container\">\n\t\t\t\t\t\t\t\t\t<p><strong>1. Introduction<\/strong><\/p><p>This Cookies Policy explains how Vip Energy Solutions uses cookies and similar technologies on the website. <a href=\"https:\/\/vipenergysolutions.ro\/en\/\">https:\/\/vipenergysolutions.ro<\/a>.<\/p><p>When you visit our website, we collect information through cookies or other similar technologies to improve your browsing experience, analyze site performance, and provide relevant content.<\/p><p>By continuing to browse this site, you consent to the use of cookies in accordance with this policy, unless you choose to disable them. You can manage your cookie preferences at any time in your browser settings or through the configuration options on the site.<\/p><p><strong>2. What are cookies?<\/strong><\/p><p>Cookies are small text files stored on your device (computer, tablet, mobile phone) when you access a website. They contain information that allows a website to recognize the user's device and improve the browsing experience by saving their preferences.<\/p><p>Cookies are used for various purposes, such as the proper functioning of the site, improving security, personalizing content, and analyzing traffic.<\/p><p><strong>3. The types of cookies we use<\/strong><\/p><p>Our website uses the following types of cookies:<\/p><p><strong>a) Functional cookies (necessary)<\/strong><\/p><p>These cookies are essential for the proper functioning of the website. They provide basic functionalities such as security, accessibility and storing user preferences regarding the use of cookies. They do not collect any personally identifiable information and are permanently active.<\/p><p><strong>b) Marketing cookies<\/strong><\/p><p>These cookies allow us to deliver personalized, relevant advertisements to users based on their behavior on the site. They are also used to measure the effectiveness of advertising campaigns and may be placed by our advertising partners.<\/p><p><strong>c) Statistics (analytical) cookies<\/strong><\/p><p>These cookies help us understand how users interact with our site, providing anonymous information about pages visited, time spent on the site and other analytical data. This information allows us to optimize the user experience and improve the content offered.<\/p><p><strong>4. Third-party cookies<\/strong><\/p><p>Our website may use third-party cookies, such as:<\/p><p>\u2013 Google Analytics \u2013 for analyzing website traffic;<br \/>\u2013 Google Ads \u2013 for displaying personalized advertisements;<br \/>\u2013 Facebook Pixel \u2013 for personalized advertising campaigns;<br \/>\u2013 YouTube \u2013 for integrating and watching video content.<\/p><p>These third parties may collect and use your data in accordance with their own privacy policies. We recommend that you consult their policies for more information.<\/p><p><strong>5. Managing and disabling cookies<\/strong><\/p><p>You can manage your cookie preferences by:<\/p><p>\u2013 Browser settings \u2013 Most browsers allow you to disable cookies or set them according to your preferences.<br \/>\u2013 Site settings panel \u2013 You can customize which types of cookies you want to be active.<\/p><p>Instructions for disabling cookies in the main browsers:<\/p><p><strong>Google Chrome:<\/strong><br \/>Go to \"Settings\".<br \/>Go to \"Privacy and Security\".<br \/>Select \"Site settings\" \u2192 \"Cookies and site data\".<br \/>Choose the desired options.<\/p><p><strong>Mozilla Firefox:<\/strong><br \/>Go to \"Options\".<br \/>Go to \"Privacy and Security\".<br \/>In the \"Cookies and site data\" section, manage your settings.<\/p><p><strong>Safari:<\/strong><br \/>Go to \"Preferences\".<br \/>Select \"Privacy\".<br \/>Configure cookie options.<\/p><p><strong>Microsoft Edge:<\/strong><br \/>Go to \"Settings\" \u2192 \"Privacy, search and services\".<br \/>Select \"Choose which cookies you want to block.\"<\/p><p><strong>Careful:<\/strong> Disabling cookies may affect the proper functioning of certain pages and services on the site.<\/p><p><strong>6. Cookie storage duration<\/strong><\/p><p>Cookies can be:<\/p><p>\u2013 Session cookies \u2013 automatically deleted when you close your browser.<br \/>\u2013 Persistent cookies \u2013 remain stored on your device for a specific period of time.<\/p><p>The exact duration of each cookie is specified in your browser settings or in the cookie management panel on the website.<\/p><p><strong>7. Updates to the Cookie Policy<\/strong><\/p><p>We may update this Cookie Policy to reflect legislative changes or changes to the way we use cookies. Any updates will be published on this page and the date of the last revision will be updated accordingly.<\/p><p>Last update date: 06.03.2025<\/p><p>For more information, see <a href=\"https:\/\/vipenergysolutions.ro\/en\/politica-de-confidentialitate\/\">Our privacy policy<\/a> or contact us at <a href=\"mailto:contact@vipenergysolutions.ro\">contact@vipenergysolutions.ro<\/a>.<\/p>\t\t\t\t\t\t\t\t<\/div>\n\t\t\t\t<\/div>\n\t\t\t\t\t<\/div>\n\t\t\t\t<\/div>\n\t\t\t\t<\/div>","protected":false},"excerpt":{"rendered":"<p>Politica de cookies 1. Introducere Aceast\u0103 Politic\u0103 de Cookies explic\u0103 modul \u00een care Vip Energy Solutions utilizeaz\u0103 cookie-uri \u0219i tehnologii similare pe site-ul https:\/\/vipenergysolutions.ro. Atunci c\u00e2nd vizitezi website-ul nostru, colect\u0103m informa\u021bii prin intermediul cookie-urilor sau al altor tehnologii similare pentru a \u00eembun\u0103t\u0103\u021bi experien\u021ba ta de navigare, a analiza performan\u021ba site-ului \u0219i a oferi con\u021binut relevant. [&hellip;]<\/p>","protected":false},"author":1,"featured_media":0,"parent":0,"menu_order":0,"comment_status":"closed","ping_status":"closed","template":"","meta":{"_siteseo_robots_primary_cat":"","pagelayer_contact_templates":[],"_pagelayer_content":"","footnotes":""},"class_list":["post-9142","page","type-page","status-publish","hentry"],"yoast_head":"<!-- This site is optimized with the Yoast SEO plugin v24.7 - https:\/\/yoast.com\/wordpress\/plugins\/seo\/ -->\n<title>Politica de cookies - Vip Energy Solutions<\/title>\n<meta name=\"robots\" content=\"index, follow, max-snippet:-1, max-image-preview:large, max-video-preview:-1\" \/>\n<link rel=\"canonical\" href=\"https:\/\/vipenergysolutions.ro\/en\/politica-de-cookies\/\" \/>\n<meta property=\"og:locale\" content=\"en_US\" \/>\n<meta property=\"og:type\" content=\"article\" \/>\n<meta property=\"og:title\" content=\"Politica de cookies - Vip Energy Solutions\" \/>\n<meta property=\"og:description\" content=\"Politica de cookies 1. Introducere Aceast\u0103 Politic\u0103 de Cookies explic\u0103 modul \u00een care Vip Energy Solutions utilizeaz\u0103 cookie-uri \u0219i tehnologii similare pe site-ul https:\/\/vipenergysolutions.ro. Atunci c\u00e2nd vizitezi website-ul nostru, colect\u0103m informa\u021bii prin intermediul cookie-urilor sau al altor tehnologii similare pentru a \u00eembun\u0103t\u0103\u021bi experien\u021ba ta de navigare, a analiza performan\u021ba site-ului \u0219i a oferi con\u021binut relevant. [&hellip;]\" \/>\n<meta property=\"og:url\" content=\"https:\/\/vipenergysolutions.ro\/en\/politica-de-cookies\/\" \/>\n<meta property=\"og:site_name\" content=\"Vip Energy Solutions\" \/>\n<meta property=\"article:publisher\" content=\"https:\/\/www.facebook.com\/profile.php?id=61571748204566\" \/>\n<meta property=\"article:modified_time\" content=\"2025-03-06T20:03:40+00:00\" \/>\n<meta name=\"twitter:card\" content=\"summary_large_image\" \/>\n<meta name=\"twitter:label1\" content=\"Est. reading time\" \/>\n\t<meta name=\"twitter:data1\" content=\"4 minutes\" \/>\n<script type=\"application\/ld+json\" class=\"yoast-schema-graph\">{\"@context\":\"https:\/\/schema.org\",\"@graph\":[{\"@type\":\"WebPage\",\"@id\":\"https:\/\/vipenergysolutions.ro\/politica-de-cookies\/\",\"url\":\"https:\/\/vipenergysolutions.ro\/politica-de-cookies\/\",\"name\":\"Politica de cookies - Vip Energy Solutions\",\"isPartOf\":{\"@id\":\"https:\/\/vipenergysolutions.ro\/#website\"},\"datePublished\":\"2025-03-06T19:05:50+00:00\",\"dateModified\":\"2025-03-06T20:03:40+00:00\",\"breadcrumb\":{\"@id\":\"https:\/\/vipenergysolutions.ro\/politica-de-cookies\/#breadcrumb\"},\"inLanguage\":\"en-US\",\"potentialAction\":[{\"@type\":\"ReadAction\",\"target\":[\"https:\/\/vipenergysolutions.ro\/politica-de-cookies\/\"]}]},{\"@type\":\"BreadcrumbList\",\"@id\":\"https:\/\/vipenergysolutions.ro\/politica-de-cookies\/#breadcrumb\",\"itemListElement\":[{\"@type\":\"ListItem\",\"position\":1,\"name\":\"Home\",\"item\":\"https:\/\/vipenergysolutions.ro\/\"},{\"@type\":\"ListItem\",\"position\":2,\"name\":\"Politica de cookies\"}]},{\"@type\":\"WebSite\",\"@id\":\"https:\/\/vipenergysolutions.ro\/#website\",\"url\":\"https:\/\/vipenergysolutions.ro\/\",\"name\":\"Vip Energy Solutions\",\"description\":\"Panouri fotovoltaice Vip Energy Solutions\",\"publisher\":{\"@id\":\"https:\/\/vipenergysolutions.ro\/#organization\"},\"potentialAction\":[{\"@type\":\"SearchAction\",\"target\":{\"@type\":\"EntryPoint\",\"urlTemplate\":\"https:\/\/vipenergysolutions.ro\/?s={search_term_string}\"},\"query-input\":{\"@type\":\"PropertyValueSpecification\",\"valueRequired\":true,\"valueName\":\"search_term_string\"}}],\"inLanguage\":\"en-US\"},{\"@type\":\"Organization\",\"@id\":\"https:\/\/vipenergysolutions.ro\/#organization\",\"name\":\"Vip Energy Solutions\",\"url\":\"https:\/\/vipenergysolutions.ro\/\",\"logo\":{\"@type\":\"ImageObject\",\"inLanguage\":\"en-US\",\"@id\":\"https:\/\/vipenergysolutions.ro\/#\/schema\/logo\/image\/\",\"url\":\"https:\/\/mlorjafajhwv.i.optimole.com\/w:auto\/h:auto\/q:mauto\/https:\/\/vipenergysolutions.ro\/wp-content\/uploads\/2025\/03\/cropped-WhatsApp_Image_2025-01-06_at_15.29.31-removebg-preview-1.png\",\"contentUrl\":\"https:\/\/mlorjafajhwv.i.optimole.com\/w:auto\/h:auto\/q:mauto\/https:\/\/vipenergysolutions.ro\/wp-content\/uploads\/2025\/03\/cropped-WhatsApp_Image_2025-01-06_at_15.29.31-removebg-preview-1.png\",\"width\":287,\"height\":352,\"caption\":\"Vip Energy Solutions\"},\"image\":{\"@id\":\"https:\/\/vipenergysolutions.ro\/#\/schema\/logo\/image\/\"},\"sameAs\":[\"https:\/\/www.facebook.com\/profile.php?id=61571748204566\"]}]}<\/script>\n<!-- \/ Yoast SEO plugin. -->","yoast_head_json":{"title":"Politica de cookies - Vip Energy Solutions","robots":{"index":"index","follow":"follow","max-snippet":"max-snippet:-1","max-image-preview":"max-image-preview:large","max-video-preview":"max-video-preview:-1"},"canonical":"https:\/\/vipenergysolutions.ro\/en\/politica-de-cookies\/","og_locale":"en_US","og_type":"article","og_title":"Politica de cookies - Vip Energy Solutions","og_description":"Politica de cookies 1. Introducere Aceast\u0103 Politic\u0103 de Cookies explic\u0103 modul \u00een care Vip Energy Solutions utilizeaz\u0103 cookie-uri \u0219i tehnologii similare pe site-ul https:\/\/vipenergysolutions.ro. Atunci c\u00e2nd vizitezi website-ul nostru, colect\u0103m informa\u021bii prin intermediul cookie-urilor sau al altor tehnologii similare pentru a \u00eembun\u0103t\u0103\u021bi experien\u021ba ta de navigare, a analiza performan\u021ba site-ului \u0219i a oferi con\u021binut relevant. [&hellip;]","og_url":"https:\/\/vipenergysolutions.ro\/en\/politica-de-cookies\/","og_site_name":"Vip Energy Solutions","article_publisher":"https:\/\/www.facebook.com\/profile.php?id=61571748204566","article_modified_time":"2025-03-06T20:03:40+00:00","twitter_card":"summary_large_image","twitter_misc":{"Est. reading time":"4 minutes"},"schema":{"@context":"https:\/\/schema.org","@graph":[{"@type":"WebPage","@id":"https:\/\/vipenergysolutions.ro\/politica-de-cookies\/","url":"https:\/\/vipenergysolutions.ro\/politica-de-cookies\/","name":"Politica de cookies - Vip Energy Solutions","isPartOf":{"@id":"https:\/\/vipenergysolutions.ro\/#website"},"datePublished":"2025-03-06T19:05:50+00:00","dateModified":"2025-03-06T20:03:40+00:00","breadcrumb":{"@id":"https:\/\/vipenergysolutions.ro\/politica-de-cookies\/#breadcrumb"},"inLanguage":"en-US","potentialAction":[{"@type":"ReadAction","target":["https:\/\/vipenergysolutions.ro\/politica-de-cookies\/"]}]},{"@type":"BreadcrumbList","@id":"https:\/\/vipenergysolutions.ro\/politica-de-cookies\/#breadcrumb","itemListElement":[{"@type":"ListItem","position":1,"name":"Home","item":"https:\/\/vipenergysolutions.ro\/"},{"@type":"ListItem","position":2,"name":"Politica de cookies"}]},{"@type":"WebSite","@id":"https:\/\/vipenergysolutions.ro\/#website","url":"https:\/\/vipenergysolutions.ro\/","name":"Vip Energy Solutions","description":"Panouri fotovoltaice Vip Energy Solutions","publisher":{"@id":"https:\/\/vipenergysolutions.ro\/#organization"},"potentialAction":[{"@type":"SearchAction","target":{"@type":"EntryPoint","urlTemplate":"https:\/\/vipenergysolutions.ro\/?s={search_term_string}"},"query-input":{"@type":"PropertyValueSpecification","valueRequired":true,"valueName":"search_term_string"}}],"inLanguage":"en-US"},{"@type":"Organization","@id":"https:\/\/vipenergysolutions.ro\/#organization","name":"Vip Energy Solutions","url":"https:\/\/vipenergysolutions.ro\/","logo":{"@type":"ImageObject","inLanguage":"en-US","@id":"https:\/\/vipenergysolutions.ro\/#\/schema\/logo\/image\/","url":"https:\/\/mlorjafajhwv.i.optimole.com\/w:auto\/h:auto\/q:mauto\/https:\/\/vipenergysolutions.ro\/wp-content\/uploads\/2025\/03\/cropped-WhatsApp_Image_2025-01-06_at_15.29.31-removebg-preview-1.png","contentUrl":"https:\/\/mlorjafajhwv.i.optimole.com\/w:auto\/h:auto\/q:mauto\/https:\/\/vipenergysolutions.ro\/wp-content\/uploads\/2025\/03\/cropped-WhatsApp_Image_2025-01-06_at_15.29.31-removebg-preview-1.png","width":287,"height":352,"caption":"Vip Energy Solutions"},"image":{"@id":"https:\/\/vipenergysolutions.ro\/#\/schema\/logo\/image\/"},"sameAs":["https:\/\/www.facebook.com\/profile.php?id=61571748204566"]}]}},"jetpack_sharing_enabled":true,"_links":{"self":[{"href":"https:\/\/vipenergysolutions.ro\/en\/wp-json\/wp\/v2\/pages\/9142","targetHints":{"allow":["GET"]}}],"collection":[{"href":"https:\/\/vipenergysolutions.ro\/en\/wp-json\/wp\/v2\/pages"}],"about":[{"href":"https:\/\/vipenergysolutions.ro\/en\/wp-json\/wp\/v2\/types\/page"}],"author":[{"embeddable":true,"href":"https:\/\/vipenergysolutions.ro\/en\/wp-json\/wp\/v2\/users\/1"}],"replies":[{"embeddable":true,"href":"https:\/\/vipenergysolutions.ro\/en\/wp-json\/wp\/v2\/comments?post=9142"}],"version-history":[{"count":22,"href":"https:\/\/vipenergysolutions.ro\/en\/wp-json\/wp\/v2\/pages\/9142\/revisions"}],"predecessor-version":[{"id":9182,"href":"https:\/\/vipenergysolutions.ro\/en\/wp-json\/wp\/v2\/pages\/9142\/revisions\/9182"}],"wp:attachment":[{"href":"https:\/\/vipenergysolutions.ro\/en\/wp-json\/wp\/v2\/media?parent=9142"}],"curies":[{"name":"wp","href":"https:\/\/api.w.org\/{rel}","templated":true}]}}