{"id":2313,"date":"2024-05-30T08:42:10","date_gmt":"2024-05-30T08:42:10","guid":{"rendered":"https:\/\/demo.awaikenthemes.com\/soare\/?page_id=2313"},"modified":"2025-03-22T09:05:57","modified_gmt":"2025-03-22T09:05:57","slug":"contact-us","status":"publish","type":"page","link":"https:\/\/vipenergysolutions.ro\/en\/contact-us\/","title":{"rendered":"Contact"},"content":{"rendered":"<div data-elementor-type=\"wp-page\" data-elementor-id=\"2313\" class=\"elementor elementor-2313\">\n\t\t\t\t<div class=\"elementor-element elementor-element-a9a8248 page-header-shape e-flex e-con-boxed e-con e-parent\" data-id=\"a9a8248\" data-element_type=\"container\" data-settings=\"{&quot;background_background&quot;:&quot;classic&quot;}\">\n\t\t\t\t\t<div class=\"e-con-inner\">\n\t\t<div class=\"elementor-element elementor-element-af31f9a e-con-full e-flex e-con e-child\" data-id=\"af31f9a\" data-element_type=\"container\">\n\t\t\t\t<div class=\"elementor-element elementor-element-82f9390 at-heading-animation at-animation-heading-style-3 elementor-widget elementor-widget-heading\" data-id=\"82f9390\" data-element_type=\"widget\" data-settings=\"{&quot;ekit_we_effect_on&quot;:&quot;none&quot;}\" data-widget_type=\"heading.default\">\n\t\t\t\t<div class=\"elementor-widget-container\">\n\t\t\t\t\t<h1 class=\"elementor-heading-title elementor-size-default\">Contact<\/h1>\t\t\t\t<\/div>\n\t\t\t\t<\/div>\n\t\t\t\t<div class=\"elementor-element elementor-element-b3a1b08 elementor-invisible elementor-widget elementor-widget-elementskit-breadcrumb\" data-id=\"b3a1b08\" data-element_type=\"widget\" data-settings=\"{&quot;_animation&quot;:&quot;fadeInUp&quot;,&quot;ekit_we_effect_on&quot;:&quot;none&quot;}\" data-widget_type=\"elementskit-breadcrumb.default\">\n\t\t\t\t<div class=\"elementor-widget-container\">\n\t\t\t\t\t<div class=\"ekit-wid-con\" ><ol class=\"ekit-breadcrumb\"><li class=\"ekit_breadcrumbs_start\"><a href=\"https:\/\/vipenergysolutions.ro\/en\">Home<\/a><\/li><\/ol><\/div>\t\t\t\t<\/div>\n\t\t\t\t<\/div>\n\t\t\t\t<\/div>\n\t\t\t\t\t<\/div>\n\t\t\t\t<\/div>\n\t\t<div class=\"elementor-element elementor-element-8039c8e e-flex e-con-boxed e-con e-parent\" data-id=\"8039c8e\" data-element_type=\"container\" data-settings=\"{&quot;background_background&quot;:&quot;classic&quot;}\">\n\t\t\t\t\t<div class=\"e-con-inner\">\n\t\t<div class=\"elementor-element elementor-element-a8d5b4a e-con-full e-flex e-con e-child\" data-id=\"a8d5b4a\" data-element_type=\"container\">\n\t\t<div class=\"elementor-element elementor-element-475be38 e-con-full e-flex e-con e-child\" data-id=\"475be38\" data-element_type=\"container\">\n\t\t<div class=\"elementor-element elementor-element-23a1365 e-con-full e-flex elementor-invisible e-con e-child\" data-id=\"23a1365\" data-element_type=\"container\" data-settings=\"{&quot;animation&quot;:&quot;fadeInUp&quot;}\">\n\t\t\t\t<div class=\"elementor-element elementor-element-2155551 at-heading-animation at-animation-heading-none elementor-widget elementor-widget-heading\" data-id=\"2155551\" data-element_type=\"widget\" data-settings=\"{&quot;ekit_we_effect_on&quot;:&quot;none&quot;}\" data-widget_type=\"heading.default\">\n\t\t\t\t<div class=\"elementor-widget-container\">\n\t\t\t\t\t<h2 class=\"elementor-heading-title elementor-size-default\">Contact:<\/h2>\t\t\t\t<\/div>\n\t\t\t\t<\/div>\n\t\t\t\t<div class=\"elementor-element elementor-element-1479664 elementor-widget elementor-widget-text-editor\" data-id=\"1479664\" data-element_type=\"widget\" data-settings=\"{&quot;ekit_we_effect_on&quot;:&quot;none&quot;}\" data-widget_type=\"text-editor.default\">\n\t\t\t\t<div class=\"elementor-widget-container\">\n\t\t\t\t\t\t\t\t\t<p>Contact us for additional information or for a free consultation.<\/p>\t\t\t\t\t\t\t\t<\/div>\n\t\t\t\t<\/div>\n\t\t\t\t<div class=\"elementor-element elementor-element-8696be4 elementor-icon-list--layout-traditional elementor-list-item-link-full_width elementor-widget elementor-widget-icon-list\" data-id=\"8696be4\" data-element_type=\"widget\" data-settings=\"{&quot;ekit_we_effect_on&quot;:&quot;none&quot;}\" data-widget_type=\"icon-list.default\">\n\t\t\t\t<div class=\"elementor-widget-container\">\n\t\t\t\t\t\t\t<ul class=\"elementor-icon-list-items\">\n\t\t\t\t\t\t\t<li class=\"elementor-icon-list-item\">\n\t\t\t\t\t\t\t\t\t\t\t<a href=\"mailto:contact@vipenergysolutions.ro\">\n\n\t\t\t\t\t\t\t\t\t\t\t\t<span class=\"elementor-icon-list-icon\">\n\t\t\t\t\t\t\t<i aria-hidden=\"true\" class=\"fas fa-envelope\"><\/i>\t\t\t\t\t\t<\/span>\n\t\t\t\t\t\t\t\t\t\t<span class=\"elementor-icon-list-text\"> contact@vipenergysolutions.ro<\/span>\n\t\t\t\t\t\t\t\t\t\t\t<\/a>\n\t\t\t\t\t\t\t\t\t<\/li>\n\t\t\t\t\t\t\t\t<li class=\"elementor-icon-list-item\">\n\t\t\t\t\t\t\t\t\t\t\t<a href=\"tel:0759523963\">\n\n\t\t\t\t\t\t\t\t\t\t\t\t<span class=\"elementor-icon-list-icon\">\n\t\t\t\t\t\t\t<i aria-hidden=\"true\" class=\"fas fa-phone-alt\"><\/i>\t\t\t\t\t\t<\/span>\n\t\t\t\t\t\t\t\t\t\t<span class=\"elementor-icon-list-text\"> 0759 523 963<\/span>\n\t\t\t\t\t\t\t\t\t\t\t<\/a>\n\t\t\t\t\t\t\t\t\t<\/li>\n\t\t\t\t\t\t<\/ul>\n\t\t\t\t\t\t<\/div>\n\t\t\t\t<\/div>\n\t\t\t\t<\/div>\n\t\t\t\t<div class=\"elementor-element elementor-element-540af5d elementor-widget-divider--view-line elementor-widget elementor-widget-divider\" data-id=\"540af5d\" data-element_type=\"widget\" data-settings=\"{&quot;ekit_we_effect_on&quot;:&quot;none&quot;}\" data-widget_type=\"divider.default\">\n\t\t\t\t<div class=\"elementor-widget-container\">\n\t\t\t\t\t\t\t<div class=\"elementor-divider\">\n\t\t\t<span class=\"elementor-divider-separator\">\n\t\t\t\t\t\t<\/span>\n\t\t<\/div>\n\t\t\t\t\t\t<\/div>\n\t\t\t\t<\/div>\n\t\t<div class=\"elementor-element elementor-element-f6143d6 e-con-full e-flex elementor-invisible e-con e-child\" data-id=\"f6143d6\" data-element_type=\"container\" data-settings=\"{&quot;animation&quot;:&quot;fadeInUp&quot;,&quot;animation_delay&quot;:100}\">\n\t\t\t\t<div class=\"elementor-element elementor-element-7ad5e5b at-heading-animation at-animation-heading-none elementor-widget elementor-widget-heading\" data-id=\"7ad5e5b\" data-element_type=\"widget\" data-settings=\"{&quot;ekit_we_effect_on&quot;:&quot;none&quot;}\" data-widget_type=\"heading.default\">\n\t\t\t\t<div class=\"elementor-widget-container\">\n\t\t\t\t\t<h2 class=\"elementor-heading-title elementor-size-default\">Office:<\/h2>\t\t\t\t<\/div>\n\t\t\t\t<\/div>\n\t\t\t\t<div class=\"elementor-element elementor-element-b51f7a7 elementor-widget elementor-widget-text-editor\" data-id=\"b51f7a7\" data-element_type=\"widget\" data-settings=\"{&quot;ekit_we_effect_on&quot;:&quot;none&quot;}\" data-widget_type=\"text-editor.default\">\n\t\t\t\t<div class=\"elementor-widget-container\">\n\t\t\t\t\t\t\t\t\t<p>Visit us at our office for personalized discussions and effective solutions.<\/p>\t\t\t\t\t\t\t\t<\/div>\n\t\t\t\t<\/div>\n\t\t\t\t<div class=\"elementor-element elementor-element-3fb5dbe elementor-icon-list--layout-traditional elementor-list-item-link-full_width elementor-widget elementor-widget-icon-list\" data-id=\"3fb5dbe\" data-element_type=\"widget\" data-settings=\"{&quot;ekit_we_effect_on&quot;:&quot;none&quot;}\" data-widget_type=\"icon-list.default\">\n\t\t\t\t<div class=\"elementor-widget-container\">\n\t\t\t\t\t\t\t<ul class=\"elementor-icon-list-items\">\n\t\t\t\t\t\t\t<li class=\"elementor-icon-list-item\">\n\t\t\t\t\t\t\t\t\t\t\t<a href=\"https:\/\/www.google.com\/maps\/place\/Bulevardul+Closca+72-74,+Satu+Mare,+Romania\">\n\n\t\t\t\t\t\t\t\t\t\t\t\t<span class=\"elementor-icon-list-icon\">\n\t\t\t\t\t\t\t<i aria-hidden=\"true\" class=\"fas fa-map-marker-alt\"><\/i>\t\t\t\t\t\t<\/span>\n\t\t\t\t\t\t\t\t\t\t<span class=\"elementor-icon-list-text\">72-74 Closca Boulevard, Satu Mare, Romania<\/span>\n\t\t\t\t\t\t\t\t\t\t\t<\/a>\n\t\t\t\t\t\t\t\t\t<\/li>\n\t\t\t\t\t\t\t\t<li class=\"elementor-icon-list-item\">\n\t\t\t\t\t\t\t\t\t\t\t<span class=\"elementor-icon-list-icon\">\n\t\t\t\t\t\t\t<i aria-hidden=\"true\" class=\"fas fa-business-time\"><\/i>\t\t\t\t\t\t<\/span>\n\t\t\t\t\t\t\t\t\t\t<span class=\"elementor-icon-list-text\">Disponibilitate: 06:00-22:00 L-D<\/span>\n\t\t\t\t\t\t\t\t\t<\/li>\n\t\t\t\t\t\t<\/ul>\n\t\t\t\t\t\t<\/div>\n\t\t\t\t<\/div>\n\t\t\t\t<\/div>\n\t\t\t\t<\/div>\n\t\t<div class=\"elementor-element elementor-element-8ce6be3 e-con-full e-flex e-con e-child\" data-id=\"8ce6be3\" data-element_type=\"container\">\n\t\t\t\t<div class=\"elementor-element elementor-element-23b5560 at-heading-animation at-animation-heading-none elementor-invisible elementor-widget elementor-widget-heading\" data-id=\"23b5560\" data-element_type=\"widget\" data-settings=\"{&quot;_animation&quot;:&quot;fadeInUp&quot;,&quot;ekit_we_effect_on&quot;:&quot;none&quot;}\" data-widget_type=\"heading.default\">\n\t\t\t\t<div class=\"elementor-widget-container\">\n\t\t\t\t\t<h3 class=\"elementor-heading-title elementor-size-default\">CONTACT US<\/h3>\t\t\t\t<\/div>\n\t\t\t\t<\/div>\n\t\t\t\t<div class=\"elementor-element elementor-element-ea5e917 at-heading-animation at-animation-heading-style-3 elementor-widget elementor-widget-heading\" data-id=\"ea5e917\" data-element_type=\"widget\" data-settings=\"{&quot;ekit_we_effect_on&quot;:&quot;none&quot;}\" data-widget_type=\"heading.default\">\n\t\t\t\t<div class=\"elementor-widget-container\">\n\t\t\t\t\t<h2 class=\"elementor-heading-title elementor-size-default\">We are here to answer any question!<\/h2>\t\t\t\t<\/div>\n\t\t\t\t<\/div>\n\t\t\t\t<div class=\"elementor-element elementor-element-b1507ad elementor-invisible elementor-widget elementor-widget-text-editor\" data-id=\"b1507ad\" data-element_type=\"widget\" data-settings=\"{&quot;_animation&quot;:&quot;fadeInUp&quot;,&quot;_animation_delay&quot;:100,&quot;ekit_we_effect_on&quot;:&quot;none&quot;}\" data-widget_type=\"text-editor.default\">\n\t\t\t\t<div class=\"elementor-widget-container\">\n\t\t\t\t\t\t\t\t\t<p>Tell us who you are and what you want by filling out the form below.<\/p>\t\t\t\t\t\t\t\t<\/div>\n\t\t\t\t<\/div>\n\t\t\t\t<div class=\"elementor-element elementor-element-1fa7fd4 elementor-widget elementor-widget-shortcode\" data-id=\"1fa7fd4\" data-element_type=\"widget\" data-settings=\"{&quot;ekit_we_effect_on&quot;:&quot;none&quot;}\" data-widget_type=\"shortcode.default\">\n\t\t\t\t<div class=\"elementor-widget-container\">\n\t\t\t\t\t\t\t<div class=\"elementor-shortcode\">\n<div class=\"wpcf7 no-js\" id=\"wpcf7-f6-o1\" lang=\"en-US\" dir=\"ltr\" data-wpcf7-id=\"6\">\n<div class=\"screen-reader-response\"><p role=\"status\" aria-live=\"polite\" aria-atomic=\"true\"><\/p> <ul><\/ul><\/div>\n<form action=\"\/en\/wp-json\/wp\/v2\/pages\/2313#wpcf7-f6-o1\" method=\"post\" class=\"wpcf7-form init\" aria-label=\"Contact form\" novalidate=\"novalidate\" data-status=\"init\" data-trp-original-action=\"\/en\/wp-json\/wp\/v2\/pages\/2313#wpcf7-f6-o1\">\n<div style=\"display: none;\">\n<input type=\"hidden\" name=\"_wpcf7\" value=\"6\" \/>\n<input type=\"hidden\" name=\"_wpcf7_version\" value=\"6.0.3\" \/>\n<input type=\"hidden\" name=\"_wpcf7_locale\" value=\"en_US\" \/>\n<input type=\"hidden\" name=\"_wpcf7_unit_tag\" value=\"wpcf7-f6-o1\" \/>\n<input type=\"hidden\" name=\"_wpcf7_container_post\" value=\"0\" \/>\n<input type=\"hidden\" name=\"_wpcf7_posted_data_hash\" value=\"\" \/>\n<\/div>\n<div class=\"row\">\n\t<div class=\"form-group col-md-4 mb-4\">\n\t\t<p><label> Name <\/label><br \/>\n<span class=\"wpcf7-form-control-wrap\" data-name=\"fullname\"><input size=\"40\" maxlength=\"400\" class=\"wpcf7-form-control wpcf7-text wpcf7-validates-as-required form-control\" id=\"fullname\" aria-required=\"true\" aria-invalid=\"false\" placeholder=\"Fullname\" value=\"\" type=\"text\" name=\"fullname\" \/><\/span>\n\t\t<\/p>\n\t<\/div>\n\t<div class=\"form-group col-md-4 mb-4\">\n\t\t<p><label> Email <\/label><br \/>\n<span class=\"wpcf7-form-control-wrap\" data-name=\"email\"><input size=\"40\" maxlength=\"400\" class=\"wpcf7-form-control wpcf7-email wpcf7-validates-as-required wpcf7-text wpcf7-validates-as-email form-control\" id=\"email\" aria-required=\"true\" aria-invalid=\"false\" placeholder=\"Email\" value=\"\" type=\"email\" name=\"email\" \/><\/span>\n\t\t<\/p>\n\t<\/div>\n\t<div class=\"form-group col-md-4 mb-4\">\n\t\t<p><label> Phone <\/label><br \/>\n<span class=\"wpcf7-form-control-wrap\" data-name=\"phone\"><input size=\"40\" maxlength=\"400\" class=\"wpcf7-form-control wpcf7-text wpcf7-validates-as-required form-control\" id=\"phone\" aria-required=\"true\" aria-invalid=\"false\" placeholder=\"Phone\" value=\"\" type=\"text\" name=\"phone\" \/><\/span>\n\t\t<\/p>\n\t<\/div>\n\t<div class=\"form-group col-md-12 mb-4\">\n\t\t<p><label> Subject <\/label><br \/>\n<span class=\"wpcf7-form-control-wrap\" data-name=\"message\"><textarea cols=\"40\" rows=\"10\" maxlength=\"2000\" class=\"wpcf7-form-control wpcf7-textarea form-control\" id=\"msg\" aria-invalid=\"false\" placeholder=\"Enter the subject\" name=\"message\"><\/textarea><\/span>\n\t\t<\/p>\n\t<\/div>\n\t<div class=\"col-md-12 form-btn\">\n\t\t<p><input class=\"wpcf7-form-control wpcf7-submit has-spinner\" id=\"msgSubmit\" type=\"submit\" value=\"Send\" \/>\n\t\t<\/p>\n\t<\/div>\n<\/div><p style=\"display: none !important;\" class=\"akismet-fields-container\" data-prefix=\"_wpcf7_ak_\"><label>&#916;<textarea name=\"_wpcf7_ak_hp_textarea\" cols=\"45\" rows=\"8\" maxlength=\"100\"><\/textarea><\/label><input type=\"hidden\" id=\"ak_js_1\" name=\"_wpcf7_ak_js\" value=\"246\"\/><script>document.getElementById( \"ak_js_1\" ).setAttribute( \"value\", ( new Date() ).getTime() );<\/script><\/p><div class=\"wpcf7-response-output\" aria-hidden=\"true\"><\/div>\n<input type=\"hidden\" name=\"trp-form-language\" value=\"en\"\/><\/form>\n<\/div>\n<\/div>\n\t\t\t\t\t\t<\/div>\n\t\t\t\t<\/div>\n\t\t\t\t<\/div>\n\t\t\t\t<\/div>\n\t\t\t\t\t<\/div>\n\t\t\t\t<\/div>\n\t\t<div class=\"elementor-element elementor-element-bd0e220 e-flex e-con-boxed e-con e-parent\" data-id=\"bd0e220\" data-element_type=\"container\" data-settings=\"{&quot;background_background&quot;:&quot;classic&quot;}\">\n\t\t\t\t\t<div class=\"e-con-inner\">\n\t\t<div class=\"elementor-element elementor-element-5092ea3 e-con-full e-flex e-con e-child\" data-id=\"5092ea3\" data-element_type=\"container\">\n\t\t\t\t<div class=\"elementor-element elementor-element-56930e5 at-heading-animation at-animation-heading-none elementor-invisible elementor-widget elementor-widget-heading\" data-id=\"56930e5\" data-element_type=\"widget\" data-settings=\"{&quot;_animation&quot;:&quot;fadeInUp&quot;,&quot;ekit_we_effect_on&quot;:&quot;none&quot;}\" data-widget_type=\"heading.default\">\n\t\t\t\t<div class=\"elementor-widget-container\">\n\t\t\t\t\t<h3 class=\"elementor-heading-title elementor-size-default\">Our headquarters<\/h3>\t\t\t\t<\/div>\n\t\t\t\t<\/div>\n\t\t\t\t<div class=\"elementor-element elementor-element-5f433a7 elementor-widget-tablet__width-inherit at-heading-animation at-animation-heading-style-3 elementor-widget elementor-widget-heading\" data-id=\"5f433a7\" data-element_type=\"widget\" data-settings=\"{&quot;ekit_we_effect_on&quot;:&quot;none&quot;}\" data-widget_type=\"heading.default\">\n\t\t\t\t<div class=\"elementor-widget-container\">\n\t\t\t\t\t<h2 class=\"elementor-heading-title elementor-size-default\">We are waiting for you at our headquarters!<\/h2>\t\t\t\t<\/div>\n\t\t\t\t<\/div>\n\t\t\t\t<\/div>\n\t\t<div class=\"elementor-element elementor-element-c7dd36b e-con-full e-flex e-con e-child\" data-id=\"c7dd36b\" data-element_type=\"container\">\n\t\t\t\t<div class=\"elementor-element elementor-element-2db4c77 elementor-widget elementor-widget-google_maps\" data-id=\"2db4c77\" data-element_type=\"widget\" data-settings=\"{&quot;ekit_we_effect_on&quot;:&quot;none&quot;}\" data-widget_type=\"google_maps.default\">\n\t\t\t\t<div class=\"elementor-widget-container\">\n\t\t\t\t\t\t\t<div class=\"elementor-custom-embed\">\n\t\t\t<iframe loading=\"lazy\"\n\t\t\t\t\tsrc=\"https:\/\/maps.google.com\/maps?q=Bulevardul%20Closca%2072-74%20%2C%20Satu%20Mare%2C%20Romania&#038;t=m&#038;z=12&#038;output=embed&#038;iwloc=near\"\n\t\t\t\t\ttitle=\"72-74 Closca Boulevard, Satu Mare, Romania\"\n\t\t\t\t\taria-label=\"72-74 Closca Boulevard, Satu Mare, Romania\"\n\t\t\t><\/iframe>\n\t\t<\/div>\n\t\t\t\t\t\t<\/div>\n\t\t\t\t<\/div>\n\t\t\t\t<\/div>\n\t\t\t\t\t<\/div>\n\t\t\t\t<\/div>\n\t\t\t\t<\/div>","protected":false},"excerpt":{"rendered":"<p>Contact Home Contact: Contacteaz\u0103-ne pentru informa\u021bii suplimentare sau pentru o consulta\u021bie gratuit\u0103. contact@vipenergysolutions.ro 0759 523 963 Office: Viziteaz\u0103-ne la biroul nostru pentru discu\u021bii personalizate \u0219i solu\u021bii eficiente. Bulevardul Closca 72-74 , Satu Mare, Romania Disponibilitate: 06:00-22:00 L-D CONTACTEAZ\u0102-NE Suntem aici pentru a r\u0103spunde la orice \u00eentrebare! Spune-ne cine e\u0219ti \u0219i ce \u00ee\u021bi dore\u0219ti, complet\u00e2nd formularul [&hellip;]<\/p>","protected":false},"author":1,"featured_media":0,"parent":0,"menu_order":0,"comment_status":"closed","ping_status":"closed","template":"elementor_header_footer","meta":{"_siteseo_robots_primary_cat":"","pagelayer_contact_templates":[],"_pagelayer_content":"","footnotes":""},"class_list":["post-2313","page","type-page","status-publish","hentry"],"yoast_head":"<!-- This site is optimized with the Yoast SEO plugin v24.7 - https:\/\/yoast.com\/wordpress\/plugins\/seo\/ -->\n<title>Contact - Vip Energy Solutions<\/title>\n<meta name=\"robots\" content=\"index, follow, max-snippet:-1, max-image-preview:large, max-video-preview:-1\" \/>\n<link rel=\"canonical\" href=\"https:\/\/vipenergysolutions.ro\/en\/contact-us\/\" \/>\n<meta property=\"og:locale\" content=\"en_US\" \/>\n<meta property=\"og:type\" content=\"article\" \/>\n<meta property=\"og:title\" content=\"Contact - Vip Energy Solutions\" \/>\n<meta property=\"og:description\" content=\"Contact Home Contact: Contacteaz\u0103-ne pentru informa\u021bii suplimentare sau pentru o consulta\u021bie gratuit\u0103. contact@vipenergysolutions.ro 0759 523 963 Office: Viziteaz\u0103-ne la biroul nostru pentru discu\u021bii personalizate \u0219i solu\u021bii eficiente. Bulevardul Closca 72-74 , Satu Mare, Romania Disponibilitate: 06:00-22:00 L-D CONTACTEAZ\u0102-NE Suntem aici pentru a r\u0103spunde la orice \u00eentrebare! Spune-ne cine e\u0219ti \u0219i ce \u00ee\u021bi dore\u0219ti, complet\u00e2nd formularul [&hellip;]\" \/>\n<meta property=\"og:url\" content=\"https:\/\/vipenergysolutions.ro\/en\/contact-us\/\" \/>\n<meta property=\"og:site_name\" content=\"Vip Energy Solutions\" \/>\n<meta property=\"article:publisher\" content=\"https:\/\/www.facebook.com\/profile.php?id=61571748204566\" \/>\n<meta property=\"article:modified_time\" content=\"2025-03-22T09:05:57+00:00\" \/>\n<meta name=\"twitter:card\" content=\"summary_large_image\" \/>\n<meta name=\"twitter:label1\" content=\"Est. reading time\" \/>\n\t<meta name=\"twitter:data1\" content=\"1 minute\" \/>\n<script type=\"application\/ld+json\" class=\"yoast-schema-graph\">{\"@context\":\"https:\/\/schema.org\",\"@graph\":[{\"@type\":\"WebPage\",\"@id\":\"https:\/\/vipenergysolutions.ro\/contact-us\/\",\"url\":\"https:\/\/vipenergysolutions.ro\/contact-us\/\",\"name\":\"Contact - Vip Energy Solutions\",\"isPartOf\":{\"@id\":\"https:\/\/vipenergysolutions.ro\/#website\"},\"datePublished\":\"2024-05-30T08:42:10+00:00\",\"dateModified\":\"2025-03-22T09:05:57+00:00\",\"breadcrumb\":{\"@id\":\"https:\/\/vipenergysolutions.ro\/contact-us\/#breadcrumb\"},\"inLanguage\":\"en-US\",\"potentialAction\":[{\"@type\":\"ReadAction\",\"target\":[\"https:\/\/vipenergysolutions.ro\/contact-us\/\"]}]},{\"@type\":\"BreadcrumbList\",\"@id\":\"https:\/\/vipenergysolutions.ro\/contact-us\/#breadcrumb\",\"itemListElement\":[{\"@type\":\"ListItem\",\"position\":1,\"name\":\"Home\",\"item\":\"https:\/\/vipenergysolutions.ro\/\"},{\"@type\":\"ListItem\",\"position\":2,\"name\":\"Contact\"}]},{\"@type\":\"WebSite\",\"@id\":\"https:\/\/vipenergysolutions.ro\/#website\",\"url\":\"https:\/\/vipenergysolutions.ro\/\",\"name\":\"Vip Energy Solutions\",\"description\":\"Panouri fotovoltaice Vip Energy Solutions\",\"publisher\":{\"@id\":\"https:\/\/vipenergysolutions.ro\/#organization\"},\"potentialAction\":[{\"@type\":\"SearchAction\",\"target\":{\"@type\":\"EntryPoint\",\"urlTemplate\":\"https:\/\/vipenergysolutions.ro\/?s={search_term_string}\"},\"query-input\":{\"@type\":\"PropertyValueSpecification\",\"valueRequired\":true,\"valueName\":\"search_term_string\"}}],\"inLanguage\":\"en-US\"},{\"@type\":\"Organization\",\"@id\":\"https:\/\/vipenergysolutions.ro\/#organization\",\"name\":\"Vip Energy Solutions\",\"url\":\"https:\/\/vipenergysolutions.ro\/\",\"logo\":{\"@type\":\"ImageObject\",\"inLanguage\":\"en-US\",\"@id\":\"https:\/\/vipenergysolutions.ro\/#\/schema\/logo\/image\/\",\"url\":\"https:\/\/mlorjafajhwv.i.optimole.com\/w:auto\/h:auto\/q:mauto\/https:\/\/vipenergysolutions.ro\/wp-content\/uploads\/2025\/03\/cropped-WhatsApp_Image_2025-01-06_at_15.29.31-removebg-preview-1.png\",\"contentUrl\":\"https:\/\/mlorjafajhwv.i.optimole.com\/w:auto\/h:auto\/q:mauto\/https:\/\/vipenergysolutions.ro\/wp-content\/uploads\/2025\/03\/cropped-WhatsApp_Image_2025-01-06_at_15.29.31-removebg-preview-1.png\",\"width\":287,\"height\":352,\"caption\":\"Vip Energy Solutions\"},\"image\":{\"@id\":\"https:\/\/vipenergysolutions.ro\/#\/schema\/logo\/image\/\"},\"sameAs\":[\"https:\/\/www.facebook.com\/profile.php?id=61571748204566\"]}]}<\/script>\n<!-- \/ Yoast SEO plugin. -->","yoast_head_json":{"title":"Contact - Vip Energy Solutions","robots":{"index":"index","follow":"follow","max-snippet":"max-snippet:-1","max-image-preview":"max-image-preview:large","max-video-preview":"max-video-preview:-1"},"canonical":"https:\/\/vipenergysolutions.ro\/en\/contact-us\/","og_locale":"en_US","og_type":"article","og_title":"Contact - Vip Energy Solutions","og_description":"Contact Home Contact: Contacteaz\u0103-ne pentru informa\u021bii suplimentare sau pentru o consulta\u021bie gratuit\u0103. contact@vipenergysolutions.ro 0759 523 963 Office: Viziteaz\u0103-ne la biroul nostru pentru discu\u021bii personalizate \u0219i solu\u021bii eficiente. Bulevardul Closca 72-74 , Satu Mare, Romania Disponibilitate: 06:00-22:00 L-D CONTACTEAZ\u0102-NE Suntem aici pentru a r\u0103spunde la orice \u00eentrebare! Spune-ne cine e\u0219ti \u0219i ce \u00ee\u021bi dore\u0219ti, complet\u00e2nd formularul [&hellip;]","og_url":"https:\/\/vipenergysolutions.ro\/en\/contact-us\/","og_site_name":"Vip Energy Solutions","article_publisher":"https:\/\/www.facebook.com\/profile.php?id=61571748204566","article_modified_time":"2025-03-22T09:05:57+00:00","twitter_card":"summary_large_image","twitter_misc":{"Est. reading time":"1 minute"},"schema":{"@context":"https:\/\/schema.org","@graph":[{"@type":"WebPage","@id":"https:\/\/vipenergysolutions.ro\/contact-us\/","url":"https:\/\/vipenergysolutions.ro\/contact-us\/","name":"Contact - Vip Energy Solutions","isPartOf":{"@id":"https:\/\/vipenergysolutions.ro\/#website"},"datePublished":"2024-05-30T08:42:10+00:00","dateModified":"2025-03-22T09:05:57+00:00","breadcrumb":{"@id":"https:\/\/vipenergysolutions.ro\/contact-us\/#breadcrumb"},"inLanguage":"en-US","potentialAction":[{"@type":"ReadAction","target":["https:\/\/vipenergysolutions.ro\/contact-us\/"]}]},{"@type":"BreadcrumbList","@id":"https:\/\/vipenergysolutions.ro\/contact-us\/#breadcrumb","itemListElement":[{"@type":"ListItem","position":1,"name":"Home","item":"https:\/\/vipenergysolutions.ro\/"},{"@type":"ListItem","position":2,"name":"Contact"}]},{"@type":"WebSite","@id":"https:\/\/vipenergysolutions.ro\/#website","url":"https:\/\/vipenergysolutions.ro\/","name":"Vip Energy Solutions","description":"Panouri fotovoltaice Vip Energy Solutions","publisher":{"@id":"https:\/\/vipenergysolutions.ro\/#organization"},"potentialAction":[{"@type":"SearchAction","target":{"@type":"EntryPoint","urlTemplate":"https:\/\/vipenergysolutions.ro\/?s={search_term_string}"},"query-input":{"@type":"PropertyValueSpecification","valueRequired":true,"valueName":"search_term_string"}}],"inLanguage":"en-US"},{"@type":"Organization","@id":"https:\/\/vipenergysolutions.ro\/#organization","name":"Vip Energy Solutions","url":"https:\/\/vipenergysolutions.ro\/","logo":{"@type":"ImageObject","inLanguage":"en-US","@id":"https:\/\/vipenergysolutions.ro\/#\/schema\/logo\/image\/","url":"https:\/\/mlorjafajhwv.i.optimole.com\/w:auto\/h:auto\/q:mauto\/https:\/\/vipenergysolutions.ro\/wp-content\/uploads\/2025\/03\/cropped-WhatsApp_Image_2025-01-06_at_15.29.31-removebg-preview-1.png","contentUrl":"https:\/\/mlorjafajhwv.i.optimole.com\/w:auto\/h:auto\/q:mauto\/https:\/\/vipenergysolutions.ro\/wp-content\/uploads\/2025\/03\/cropped-WhatsApp_Image_2025-01-06_at_15.29.31-removebg-preview-1.png","width":287,"height":352,"caption":"Vip Energy Solutions"},"image":{"@id":"https:\/\/vipenergysolutions.ro\/#\/schema\/logo\/image\/"},"sameAs":["https:\/\/www.facebook.com\/profile.php?id=61571748204566"]}]}},"jetpack_sharing_enabled":true,"_links":{"self":[{"href":"https:\/\/vipenergysolutions.ro\/en\/wp-json\/wp\/v2\/pages\/2313","targetHints":{"allow":["GET"]}}],"collection":[{"href":"https:\/\/vipenergysolutions.ro\/en\/wp-json\/wp\/v2\/pages"}],"about":[{"href":"https:\/\/vipenergysolutions.ro\/en\/wp-json\/wp\/v2\/types\/page"}],"author":[{"embeddable":true,"href":"https:\/\/vipenergysolutions.ro\/en\/wp-json\/wp\/v2\/users\/1"}],"replies":[{"embeddable":true,"href":"https:\/\/vipenergysolutions.ro\/en\/wp-json\/wp\/v2\/comments?post=2313"}],"version-history":[{"count":28,"href":"https:\/\/vipenergysolutions.ro\/en\/wp-json\/wp\/v2\/pages\/2313\/revisions"}],"predecessor-version":[{"id":9590,"href":"https:\/\/vipenergysolutions.ro\/en\/wp-json\/wp\/v2\/pages\/2313\/revisions\/9590"}],"wp:attachment":[{"href":"https:\/\/vipenergysolutions.ro\/en\/wp-json\/wp\/v2\/media?parent=2313"}],"curies":[{"name":"wp","href":"https:\/\/api.w.org\/{rel}","templated":true}]}}